{"id":1071,"date":"2015-12-14T07:14:55","date_gmt":"2015-12-14T07:14:55","guid":{"rendered":"http:\/\/consulting.stylemixthemes.com\/demo\/?page_id=2"},"modified":"2022-11-21T12:13:04","modified_gmt":"2022-11-21T12:13:04","slug":"sample-page-2","status":"publish","type":"page","link":"https:\/\/tibra-pacific.com\/tibranew\/","title":{"rendered":"Naslovna"},"content":{"rendered":"<p>[vc_row][vc_column][rev_slider_vc alias=&#8221;highlight-carousel7&#8243;][\/vc_column][\/vc_row][vc_row][vc_column][stm_spacing lg_spacing=&#8221;92&#8243; md_spacing=&#8221;92&#8243; sm_spacing=&#8221;92&#8243; xs_spacing=&#8221;65&#8243;][vc_row_inner content_placement=&#8221;middle&#8221;][vc_column_inner offset=&#8221;vc_col-lg-8 vc_col-md-8&#8243;][vc_custom_heading stripe_pos=&#8221;hide&#8221; text=&#8221;\u0160ta radimo?&#8221; use_theme_fonts=&#8221;yes&#8221; el_class=&#8221;hide_indents mobile_align_center&#8221;][\/vc_column_inner][vc_column_inner el_class=&#8221;mobile_align_center&#8221; offset=&#8221;vc_col-lg-4 vc_col-md-4&#8243;][vc_column_text css=&#8221;.vc_custom_1619775648297{margin-top: 15px !important;}&#8221;][\/vc_column_text][\/vc_column_inner][\/vc_row_inner][stm_spacing lg_spacing=&#8221;30&#8243; md_spacing=&#8221;30&#8243; sm_spacing=&#8221;30&#8243; xs_spacing=&#8221;30&#8243;][vc_separator color=&#8221;custom&#8221; accent_color=&#8221;rgba(33,33,33,0.3)&#8221;][vc_row_inner][vc_column_inner width=&#8221;1\/4&#8243;][stm_spacing lg_spacing=&#8221;56&#8243; md_spacing=&#8221;56&#8243; sm_spacing=&#8221;40&#8243; xs_spacing=&#8221;30&#8243;][stm_icon_box hide_title_line=&#8221;hide_title_line&#8221; add_link=&#8221;enable&#8221; icon=&#8221;fas fa-tasks&#8221; icon_size=&#8221;50&#8243; icon_color=&#8221;secondary&#8221; icon_bg_color=&#8221;custom&#8221; icon_height=&#8221;80&#8243; title=&#8221;Projektovanje&#8221; link=&#8221;url:http%3A%2F%2Ftibra-pacific.com%2Ftibranew%2Fprojektovanje%2F&#8221;]<\/p>\n<div class=\"ib-wrapper\">\n<p>Bavimo se projektovanjem.<\/p>\n<\/div>\n<p>[\/stm_icon_box][\/vc_column_inner][vc_column_inner width=&#8221;1\/4&#8243;][stm_spacing lg_spacing=&#8221;56&#8243; md_spacing=&#8221;56&#8243; sm_spacing=&#8221;40&#8243; xs_spacing=&#8221;40&#8243;][stm_icon_box hide_title_line=&#8221;hide_title_line&#8221; add_link=&#8221;enable&#8221; icon=&#8221;fas fa-building&#8221; icon_size=&#8221;50&#8243; icon_color=&#8221;secondary&#8221; icon_bg_color=&#8221;custom&#8221; icon_height=&#8221;80&#8243; title=&#8221;Izgradnja&#8221; link=&#8221;url:http%3A%2F%2Ftibra-pacific.com%2Ftibranew%2Fizgradnja%2F&#8221;]<\/p>\n<div class=\"ib-wrapper\">\n<p>U sklopu projektovanja nudimo i usluge gradnje.<\/p>\n<\/div>\n<p>[\/stm_icon_box][\/vc_column_inner][vc_column_inner width=&#8221;1\/4&#8243;][stm_spacing lg_spacing=&#8221;56&#8243; md_spacing=&#8221;56&#8243; sm_spacing=&#8221;40&#8243; xs_spacing=&#8221;40&#8243;][stm_icon_box hide_title_line=&#8221;hide_title_line&#8221; add_link=&#8221;enable&#8221; icon=&#8221;fas fa-sign&#8221; icon_size=&#8221;50&#8243; icon_color=&#8221;secondary&#8221; icon_bg_color=&#8221;custom&#8221; icon_height=&#8221;80&#8243; title=&#8221;Nekretnine&#8221; link=&#8221;url:http%3A%2F%2Ftibra-pacific.com%2Ftibranew%2Fnekretnine%2F&#8221;]<\/p>\n<div class=\"ib-wrapper\">\n<p>Tako\u0111er bavimo se i prodajom nekretnina.<\/p>\n<\/div>\n<p>[\/stm_icon_box][\/vc_column_inner][vc_column_inner width=&#8221;1\/4&#8243;][stm_spacing lg_spacing=&#8221;56&#8243; md_spacing=&#8221;56&#8243; sm_spacing=&#8221;40&#8243; xs_spacing=&#8221;40&#8243;][stm_icon_box hide_title_line=&#8221;hide_title_line&#8221; icon=&#8221;fas fa-solar-panel&#8221; icon_size=&#8221;50&#8243; icon_color=&#8221;secondary&#8221; icon_bg_color=&#8221;custom&#8221; icon_height=&#8221;80&#8243; title=&#8221;Energetika&#8221;]<\/p>\n<div class=\"ib-wrapper\">\n<p>Obnovljivi izvori energije<\/p>\n<\/div>\n<p>[\/stm_icon_box][\/vc_column_inner][\/vc_row_inner][stm_spacing lg_spacing=&#8221;92&#8243; md_spacing=&#8221;92&#8243; sm_spacing=&#8221;80&#8243; xs_spacing=&#8221;60&#8243;][\/vc_column][\/vc_row][vc_row full_width=&#8221;stretch_row&#8221; css=&#8221;.vc_custom_1628673089427{margin-bottom: 33px !important;padding-top: 47px !important;padding-bottom: 50px !important;background-image: url(http:\/\/consulting.stylemixthemes.com\/demo\/wp-content\/uploads\/sites\/36\/2019\/04\/carlos-muza-84523-unsplash.jpg?id=5245) !important;background-position: center !important;background-repeat: no-repeat !important;background-size: cover !important;}&#8221; el_class=&#8221;overlay_4 fixed_bg&#8221;][vc_column][vc_custom_heading text=&#8221;Oblasti na\u0161eg poslovanja&#8221; font_container=&#8221;tag:h2|text_align:center|color:%23ffffff&#8221; use_theme_fonts=&#8221;yes&#8221; css=&#8221;.vc_custom_1618904127089{margin-bottom: 40px !important;}&#8221;][vc_row_inner][vc_column_inner width=&#8221;1\/3&#8243; el_id=&#8221;onama&#8221;][stm_info_box align_center=&#8221;yes&#8221; style=&#8221;style_2&#8243; title=&#8221;Kompanija&#8221; css=&#8221;.vc_custom_1638437947289{padding-top: 10px !important;padding-right: 20px !important;padding-bottom: 36px !important;padding-left: 20px !important;}&#8221; link=&#8221;url:http%3A%2F%2Ftibra-pacific.com%2Ftibranew%2Fo-nama%2F|title:Pro%C4%8Ditaj%20vi%C5%A1e&#8221;]<a href=\"http:\/\/tibra-pacific.com\/tibranew\/o-nama\/\">Poduze\u0107e veoma bogate historije,\u00a0 \u201eTibra &#8211; Pacific\u00a0 d.o.o.\u201c Kiseljak osnovano je 2003. godine sa privatnim kapitalom i od tada uspje\u0161no djeluje u oblasti graditeljstva visokogradnje.<\/a>[\/stm_info_box][\/vc_column_inner][vc_column_inner width=&#8221;1\/3&#8243;][stm_info_box align_center=&#8221;yes&#8221; style=&#8221;style_2&#8243; title=&#8221;Nekretnine&#8221; link=&#8221;url:http%3A%2F%2Ftibra-pacific.com%2Ftibranew%2Fnekretnine%2F|title:Pro%C4%8Ditaj%20vi%C5%A1e&#8221; css=&#8221;.vc_custom_1669032779269{padding-top: 10px !important;padding-right: 20px !important;padding-bottom: 36px !important;padding-left: 20px !important;}&#8221;]<a href=\"http:\/\/tibra-pacific.com\/tibranew\/nekretnine\/\">Kvaliteta \u017eivota smatra se danas osnovnim zahtjevom savremenih gra\u0111evinskih konstrukcija. Iz na\u0161eg bogatog portfolija izdvajamo &#8220;Winter Park Residence&#8221;, &#8220;Avenija Otoka&#8221;.<\/a>[\/stm_info_box][\/vc_column_inner][vc_column_inner width=&#8221;1\/3&#8243;][stm_info_box align_center=&#8221;yes&#8221; style=&#8221;style_2&#8243; title=&#8221;Investicije&#8221; link=&#8221;url:http%3A%2F%2Ftibra-pacific.com%2Ftibranew%2Finvesticije%2F|title:Pro%C4%8Ditaj%20vi%C5%A1e&#8221; css=&#8221;.vc_custom_1638438117311{padding-top: 10px !important;padding-right: 20px !important;padding-bottom: 36px !important;padding-left: 20px !important;}&#8221;]<a href=\"http:\/\/tibra-pacific.com\/tibranew\/investicije\/\">Investicijom se mo\u017ee ozna\u010diti bilo kakvo ulaganje,\u00a0 nov\u010danih sredstava, radi stjecanja ekonomskih koristi ili profita. Investicija je akumulacija u sada\u0161njosti s nadom dobitka.<\/a>[\/stm_info_box][\/vc_column_inner][\/vc_row_inner][\/vc_column][\/vc_row][vc_row full_width=&#8221;stretch_row&#8221; css=&#8221;.vc_custom_1628666966962{padding-top: 30px !important;padding-bottom: 35px !important;background-color: #edeeef !important;}&#8221;][vc_column css=&#8221;.vc_custom_1628260095619{background-color: #edeeef !important;}&#8221;][vc_column_text]<strong>\r\n            <style type=\"text\/css\">\r\n\r\n                \r\n                                .lcs_logo_container a.lcs_logo_link:hover { border: 1px solid #A0A0A0; ?>; }\r\n                .lcs_logo_container a:hover img { -moz-transform: scale(1.05); -webkit-transform: scale(1.05); -o-transform: scale(1.05); -ms-transform: scale(1.05); transform: scale(1.05); }\r\n                                                .lcs_logo_container a.lcs_logo_link, .lcs_logo_container a.lcs_logo_link:hover { border: none; }\r\n                                #lcs_logo_carousel_wrapper .owl-nav {\r\n                    position: absolute;\r\n                    margin-top: 0;\r\n                }\r\n\r\n                \/* TOP Right*\/\r\n                                #lcs_logo_carousel_wrapper .owl-nav {\r\n                    right: 0;\r\n                    top: -34px;\r\n                }\r\n                                \/* TOP Left*\/\r\n                \r\n                #lcs_logo_carousel_wrapper .owl-nav div {\r\n                    background: #ffffff;\r\n                    border-radius: 2px;\r\n                    margin: 2px;\r\n                    padding: 0;\r\n                    width: 27px;\r\n                    height: 27px;\r\n                    line-height: 20px;\r\n                    font-size: 22px;\r\n                    color: #ccc;\r\n                    border: 1px solid #ccc;\r\n                    opacity: 1;\r\n                    z-index: 999;\r\n                    -moz-transition: all 0.3s linear;\r\n                    -o-transition: all 0.3s linear;\r\n                    -webkit-transition: all 0.3s linear;\r\n                    transition: all 0.3s linear;\r\n            <\/style>\r\n\r\n                        <div id=\"lcs_logo_carousel_wrapper\">\r\n                <div id=\"lcs_logo_carousel_slider\" class=\"owl-carousel owl-theme\">\r\n                    \r\n                                                <div class=\"lcs_logo_container\">\r\n\r\n\r\n                                                            <a href=\"http:\/\/novaotoka.com\/\" class=\"lcs_logo_link\" target=\"_blank\">\r\n                                    <img decoding=\"async\" src=\"https:\/\/tibra-pacific.com\/tibranew\/wp-content\/uploads\/2021\/08\/14.png\" alt=\"\" \/>                                <\/a>\r\n                                                                                <\/div>\r\n                    \r\n                                                <div class=\"lcs_logo_container\">\r\n\r\n\r\n                                                            <a href=\"http:\/\/avenija.ba\" class=\"lcs_logo_link\" target=\"_blank\">\r\n                                    <img decoding=\"async\" src=\"https:\/\/tibra-pacific.com\/tibranew\/wp-content\/uploads\/2021\/08\/avenija-tibra.png\" alt=\"\" \/>                                <\/a>\r\n                                                                                <\/div>\r\n                    \r\n                                                <div class=\"lcs_logo_container\">\r\n\r\n\r\n                                                            <a href=\"http:\/\/garazesarajevo.ba\/\" class=\"lcs_logo_link\" target=\"_blank\">\r\n                                    <img decoding=\"async\" src=\"https:\/\/tibra-pacific.com\/tibranew\/wp-content\/uploads\/2021\/04\/9.png\" alt=\"\" \/>                                <\/a>\r\n                                                                                <\/div>\r\n                    \r\n                                                <div class=\"lcs_logo_container\">\r\n\r\n\r\n                                                            <a href=\"https:\/\/www.facebook.com\/restoran.pacific\" class=\"lcs_logo_link\" target=\"_blank\">\r\n                                    <img decoding=\"async\" src=\"https:\/\/tibra-pacific.com\/tibranew\/wp-content\/uploads\/2021\/04\/8.png\" alt=\"\" \/>                                <\/a>\r\n                                                                                <\/div>\r\n                    \r\n                                                <div class=\"lcs_logo_container\">\r\n\r\n\r\n                                                            <a href=\"http:\/\/euroizgradnja.ba\/\" class=\"lcs_logo_link\" target=\"_blank\">\r\n                                    <img decoding=\"async\" src=\"https:\/\/tibra-pacific.com\/tibranew\/wp-content\/uploads\/2021\/04\/5.png\" alt=\"\" \/>                                <\/a>\r\n                                                                                <\/div>\r\n                    \r\n                                                <div class=\"lcs_logo_container\">\r\n\r\n\r\n                                                            <a href=\"https:\/\/naseljebulevar.ba\" class=\"lcs_logo_link\" target=\"_blank\">\r\n                                    <img decoding=\"async\" src=\"https:\/\/tibra-pacific.com\/tibranew\/wp-content\/uploads\/2021\/04\/2.png\" alt=\"\" \/>                                <\/a>\r\n                                                                                <\/div>\r\n                    \r\n                                                <div class=\"lcs_logo_container\">\r\n\r\n\r\n                                                            <a href=\"https:\/\/winterpark.ba\/\" class=\"lcs_logo_link\" target=\"_blank\">\r\n                                    <img decoding=\"async\" src=\"https:\/\/tibra-pacific.com\/tibranew\/wp-content\/uploads\/2021\/07\/winterlogo.png\" alt=\"\" \/>                                <\/a>\r\n                                                                                <\/div>\r\n                                                        <\/div> <!-- End lcs_logo_carousel_slider -->\r\n            <\/div> <!--ends #lcs_logo_carousel_wrapper-->\r\n\r\n            <!--UPDATED Carousel VERSION CODE-->\r\n            <!--INITIALIZE THE SLIDER-->\r\n            <script>\r\n                jQuery(document).ready(function($){\r\n                    var logoSlider = $(\"#lcs_logo_carousel_slider\");\r\n\r\n                    logoSlider.owlCarousel({\r\n                        loop:true,\r\n                        autoWidth:false,\r\n                        responsiveClass:true,\r\n                        dots:false,\r\n                        autoplay:true,\r\n\r\n                        autoplayTimeout: 4000,\r\n                        autoplayHoverPause: false,\r\n                        dotData:true,\r\n                        dotsEach:false,\r\n                        slideBy:1,\r\n                        rtl:false,\r\n                        nav:true,\r\n                        navText:['\u2039','\u203a'],\r\n                        smartSpeed: 1000, \/\/ it smooths the transition\r\n                        responsive:{\r\n                            0 : {\r\n                                items:2\r\n                            },\r\n                            500: {\r\n                                items:3\r\n                            },\r\n                            600 : {\r\n                                items:3\r\n                            },\r\n                            768:{\r\n                                items:4\r\n                            },\r\n                            1199:{\r\n                                items:5                            }\r\n                        }\r\n                    });\r\n\r\n\r\n                    \/\/ custom navigation button for slider\r\n                    \/\/ at first. let us cache the element\r\n                    var $lcs_wrap = $('#lcs_logo_carousel_wrapper');\r\n                    \/\/ Go to the next item\r\n                    $lcs_wrap.on('click', '.prev', function () {\r\n                        logoSlider.trigger('prev.owl.carousel');\r\n                    });\r\n\r\n                    \/\/ Go to the previous item\r\n                    $lcs_wrap.on('click', '.next', function () {\r\n                        \/\/ With optional speed parameter\r\n                        \/\/ Parameters has to be in square bracket '[]'\r\n                        logoSlider.trigger('next.owl.carousel');\r\n                    })\r\n\r\n\r\n                });\r\n            <\/script>\r\n            <\/strong>[\/vc_column_text][\/vc_column][\/vc_row][vc_row][vc_column][vc_empty_space height=&#8221;35px&#8221;][\/vc_column][\/vc_row]<\/p>\n","protected":false},"excerpt":{"rendered":"<p>[vc_row][vc_column][rev_slider_vc alias=&#8221;highlight-carousel7&#8243;][\/vc_column][\/vc_row][vc_row][vc_column][stm_spacing lg_spacing=&#8221;92&#8243; md_spacing=&#8221;92&#8243; sm_spacing=&#8221;92&#8243; xs_spacing=&#8221;65&#8243;][vc_row_inner content_placement=&#8221;middle&#8221;][vc_column_inner offset=&#8221;vc_col-lg-8 vc_col-md-8&#8243;][vc_custom_heading stripe_pos=&#8221;hide&#8221; text=&#8221;\u0160ta radimo?&#8221; use_theme_fonts=&#8221;yes&#8221; el_class=&#8221;hide_indents mobile_align_center&#8221;][\/vc_column_inner][vc_column_inner el_class=&#8221;mobile_align_center&#8221; offset=&#8221;vc_col-lg-4 vc_col-md-4&#8243;][vc_column_text css=&#8221;.vc_custom_1619775648297{margin-top: 15px !important;}&#8221;][\/vc_column_text][\/vc_column_inner][\/vc_row_inner][stm_spacing lg_spacing=&#8221;30&#8243; md_spacing=&#8221;30&#8243; sm_spacing=&#8221;30&#8243; xs_spacing=&#8221;30&#8243;][vc_separator color=&#8221;custom&#8221; accent_color=&#8221;rgba(33,33,33,0.3)&#8221;][vc_row_inner][vc_column_inner width=&#8221;1\/4&#8243;][stm_spacing lg_spacing=&#8221;56&#8243; md_spacing=&#8221;56&#8243; sm_spacing=&#8221;40&#8243; xs_spacing=&#8221;30&#8243;][stm_icon_box hide_title_line=&#8221;hide_title_line&#8221; add_link=&#8221;enable&#8221; icon=&#8221;fas fa-tasks&#8221; icon_size=&#8221;50&#8243; icon_color=&#8221;secondary&#8221; icon_bg_color=&#8221;custom&#8221; icon_height=&#8221;80&#8243; title=&#8221;Projektovanje&#8221; link=&#8221;url:http%3A%2F%2Ftibra-pacific.com%2Ftibranew%2Fprojektovanje%2F&#8221;] Bavimo se projektovanjem. [\/stm_icon_box][\/vc_column_inner][vc_column_inner width=&#8221;1\/4&#8243;][stm_spacing lg_spacing=&#8221;56&#8243; md_spacing=&#8221;56&#8243; sm_spacing=&#8221;40&#8243; xs_spacing=&#8221;40&#8243;][stm_icon_box hide_title_line=&#8221;hide_title_line&#8221; add_link=&#8221;enable&#8221; icon=&#8221;fas fa-building&#8221;<\/p>\n","protected":false},"author":1,"featured_media":0,"parent":0,"menu_order":0,"comment_status":"closed","ping_status":"closed","template":"","meta":{"footnotes":""},"class_list":["post-1071","page","type-page","status-publish","hentry"],"_links":{"self":[{"href":"https:\/\/tibra-pacific.com\/tibranew\/wp-json\/wp\/v2\/pages\/1071","targetHints":{"allow":["GET"]}}],"collection":[{"href":"https:\/\/tibra-pacific.com\/tibranew\/wp-json\/wp\/v2\/pages"}],"about":[{"href":"https:\/\/tibra-pacific.com\/tibranew\/wp-json\/wp\/v2\/types\/page"}],"author":[{"embeddable":true,"href":"https:\/\/tibra-pacific.com\/tibranew\/wp-json\/wp\/v2\/users\/1"}],"replies":[{"embeddable":true,"href":"https:\/\/tibra-pacific.com\/tibranew\/wp-json\/wp\/v2\/comments?post=1071"}],"version-history":[{"count":104,"href":"https:\/\/tibra-pacific.com\/tibranew\/wp-json\/wp\/v2\/pages\/1071\/revisions"}],"predecessor-version":[{"id":8382,"href":"https:\/\/tibra-pacific.com\/tibranew\/wp-json\/wp\/v2\/pages\/1071\/revisions\/8382"}],"wp:attachment":[{"href":"https:\/\/tibra-pacific.com\/tibranew\/wp-json\/wp\/v2\/media?parent=1071"}],"curies":[{"name":"wp","href":"https:\/\/api.w.org\/{rel}","templated":true}]}}