{"id":1503,"date":"2017-02-09T14:30:39","date_gmt":"2017-02-09T14:30:39","guid":{"rendered":"http:\/\/consult.loc\/?page_id=1503"},"modified":"2021-05-27T07:40:49","modified_gmt":"2021-05-27T07:40:49","slug":"o-nama","status":"publish","type":"page","link":"https:\/\/tibra-pacific.com\/tibranew\/o-nama\/","title":{"rendered":"O Nama"},"content":{"rendered":"<p>[vc_row css=&#8221;.vc_custom_1555482835344{margin-right: 0px !important;margin-bottom: 50px !important;margin-left: 0px !important;}&#8221;][vc_column css=&#8221;.vc_custom_1622101247204{background-image: url(http:\/\/tibra-pacific.com\/tibranew\/wp-content\/uploads\/2021\/05\/tibrauprava.jpg?id=7833) !important;background-position: center !important;background-repeat: no-repeat !important;background-size: cover !important;}&#8221;][vc_row_inner css=&#8221;.vc_custom_1485768753869{padding-top: 40px !important;padding-right: 40px !important;padding-bottom: 40px !important;padding-left: 40px !important;}&#8221; el_class=&#8221;mobile_no_paddings&#8221;][vc_column_inner el_class=&#8221;mobile_no_paddings&#8221; css=&#8221;.vc_custom_1486650450074{padding-top: 52px !important;padding-right: 30px !important;padding-bottom: 50px !important;padding-left: 40px !important;background-color: rgba(9,8,33,0.9) !important;*background-color: rgb(9,8,33) !important;}&#8221; offset=&#8221;vc_col-lg-5&#8243;][stm_quote box_color=&#8221;custom&#8221; quote_text=&#8221;&#8221; img_size=&#8221;48&#215;48&#8243; quote=&#8221;&#8220;Permanentno razmi\u0161ljamo o na\u0161em razvoju te investiranjem u odr\u017eive, stabilne i prosperitetne projekte&#8220;&#8221; box_color_custom=&#8221;#ffffff&#8221;][\/vc_column_inner][vc_column_inner width=&#8221;7\/12&#8243; offset=&#8221;vc_hidden-md vc_hidden-sm vc_hidden-xs&#8221;][\/vc_column_inner][\/vc_row_inner][\/vc_column][\/vc_row][vc_row css=&#8221;.vc_custom_1485757244346{margin-bottom: 90px !important;}&#8221;][vc_column][vc_custom_heading text=&#8221;O Nama&#8221; font_container=&#8221;tag:h3|text_align:left&#8221; use_theme_fonts=&#8221;yes&#8221; css=&#8221;.vc_custom_1619613682459{margin-bottom: 29px !important;}&#8221;][vc_column_text css=&#8221;.vc_custom_1618990182573{margin-bottom: 25px !important;}&#8221; el_class=&#8221;under_none&#8221;]<\/p>\n<h6 style=\"line-height: 26px;\"><a>Poduze\u0107e \u201eTIBRA-PACIFIC\u201c d.o.o.<\/a>&nbsp;sa sjedi\u0161tem u Kiseljaku osnovano je 2003. godine privatnim kapitalom i od tada vi\u0161e nego uspje\u0161no posluje u oblastima proizvodnje, projektovanja, visokogradnje, usluga i trgovine.<\/h6>\n<p>[\/vc_column_text][vc_column_text]Na\u0161im dosada\u0161njim poslovanjem i privre\u0111ivanjem preuzeli smo vrlo odgovornu ulogu jednog od vode\u0107ih investitora i graditelja na ovim prostorima.<br \/>\nNa\u0161a strategija je permanentno razmi\u0161ljanje o na\u0161em daljnjem razvoju odnosno kreiranju i stvaranju novih vrijednosti.<\/p>\n<p>Permanentno razmi\u0161ljamo o na\u0161em razvoju te investiranjem u odr\u017eive, stabilne i prosperitetne projekte \u201eTIBRA-PACIFIC\u201c grupa \u017eeli stvoriti portfolio koji \u0107e osigurati siguran i stabilan rast u narednim godinama kako na doma\u0107em tr\u017ei\u0161tu tako i na tr\u017ei\u0161tima u regiji.<\/p>\n<p>Na\u0161 pre\u0111eni put odlikuje izuzetna marljivost; profesionalizacija; optimalizacija poslovnih procesa; stalno stru\u010dno usavr\u0161avanje na\u0161ih kadrova i pra\u0107enje novih dostignu\u0107a u oblastima na\u0161eg djelovanja. Sve naprijed navedeno ne bi bilo mogu\u0107e bez odgovornosti, stru\u010dnosti, lojalnosti i po\u017ertvovanosti svih uposlenika. U skladu sa suvremenom vizijom razvoja na\u0161e grupe prije par godina u poslovanje na\u0161ih \u010dlanica uveli smo i sistem upravljanja kvalitetom ISO standard 9001-2008 te sistem za\u0161tite na radu ISO 18001.[\/vc_column_text][vc_column_text]<strong>OPIS POSLOVNOG SISTEMA GRUPACIJE<\/strong><\/p>\n<p>Sumiraju\u0107i i analiziraju\u0107i rezultate 10-ogodi\u0161njeg uspje\u0161nog razvoja uvidjeli smo da su se stvorile potrebe za definiranjem novih organizacionih struktura i odnosa izme\u0111u firmi koje posluju unutar \u201eTIBRA-PACIFIC\u201c grupe.<\/p>\n<p>Odlu\u010dili smo se za orijentiranost na\u0161ih firmi prema razli\u010ditim istovremeno kompatibilnim djelatnostima sve sa ciljem postizanja \u0161to boljih rezultata u svim segmentima na\u0161eg poslovanja.<\/p>\n<p><strong>\u010cLANICE POSLOVNOG SISTEMA I DJELATNOSTI ISTIH U OKVIRU GRUPACIJE<\/strong><\/p>\n<ul>\n<li><strong>TIBRA PACIFIC \u2013 Kiseljak<\/strong><\/li>\n<\/ul>\n<p>Investiranje, projektni biro, tr\u017eni centar Pacific Kiseljak, skladi\u0161no logisti\u010dki centar Brestovsko<\/p>\n<ul>\n<li><strong>EUROIZGRADNJA \u2013 Kiseljak<\/strong><\/li>\n<\/ul>\n<p>Izvo\u0111enje gra\u0111evinskih radova iz oblasti visokogradnje, niskogradnje, hidro gradnje, zanatsko gra\u0111evinskih radova, zavr\u0161nih radova u gra\u0111evinarstvu, proizvodnja gra\u0111evinskih i betonskih prefabrikata i proizvoda.[\/vc_column_text][\/vc_column][\/vc_row][vc_row full_width=&#8221;stretch_row&#8221; css=&#8221;.vc_custom_1621425185513{padding-top: 57px !important;padding-bottom: 59px !important;background-color: #e22328 !important;}&#8221; el_class=&#8221;third_bg_color&#8221;][vc_column width=&#8221;1\/3&#8243;][stm_stats_counter stat_counter_style=&#8221;style_2&#8243; counter_value=&#8221;30&#8243; alignment=&#8221;center&#8221; description=&#8221;Zavr\u0161enih<br \/>\nProjekata&#8221;][\/vc_column][vc_column width=&#8221;1\/3&#8243;][stm_stats_counter stat_counter_style=&#8221;style_2&#8243; counter_value=&#8221;500&#8243; alignment=&#8221;center&#8221; description=&#8221;Uposlenih<br \/>\nRadnika&#8221;][\/vc_column][vc_column width=&#8221;1\/3&#8243;][stm_stats_counter stat_counter_style=&#8221;style_2&#8243; counter_value=&#8221;100&#8243; counter_value_suf=&#8221;%&#8221; alignment=&#8221;center&#8221; description=&#8221;Zadovoljnih<br \/>\nKlijenata&#8221;][\/vc_column][\/vc_row]<\/p>\n","protected":false},"excerpt":{"rendered":"<p>[vc_row css=&#8221;.vc_custom_1555482835344{margin-right: 0px !important;margin-bottom: 50px !important;margin-left: 0px !important;}&#8221;][vc_column css=&#8221;.vc_custom_1622101247204{background-image: url(http:\/\/tibra-pacific.com\/tibranew\/wp-content\/uploads\/2021\/05\/tibrauprava.jpg?id=7833) !important;background-position: center !important;background-repeat: no-repeat !important;background-size: cover !important;}&#8221;][vc_row_inner css=&#8221;.vc_custom_1485768753869{padding-top: 40px !important;padding-right: 40px !important;padding-bottom: 40px !important;padding-left: 40px !important;}&#8221; el_class=&#8221;mobile_no_paddings&#8221;][vc_column_inner el_class=&#8221;mobile_no_paddings&#8221; css=&#8221;.vc_custom_1486650450074{padding-top: 52px !important;padding-right: 30px !important;padding-bottom: 50px !important;padding-left: 40px !important;background-color: rgba(9,8,33,0.9) !important;*background-color: rgb(9,8,33) !important;}&#8221; offset=&#8221;vc_col-lg-5&#8243;][stm_quote box_color=&#8221;custom&#8221; quote_text=&#8221;&#8221; img_size=&#8221;48&#215;48&#8243; quote=&#8221;&#8220;Permanentno razmi\u0161ljamo o na\u0161em razvoju te investiranjem u odr\u017eive, stabilne<\/p>\n","protected":false},"author":1,"featured_media":0,"parent":0,"menu_order":0,"comment_status":"closed","ping_status":"closed","template":"","meta":{"footnotes":""},"class_list":["post-1503","page","type-page","status-publish","hentry"],"_links":{"self":[{"href":"https:\/\/tibra-pacific.com\/tibranew\/wp-json\/wp\/v2\/pages\/1503","targetHints":{"allow":["GET"]}}],"collection":[{"href":"https:\/\/tibra-pacific.com\/tibranew\/wp-json\/wp\/v2\/pages"}],"about":[{"href":"https:\/\/tibra-pacific.com\/tibranew\/wp-json\/wp\/v2\/types\/page"}],"author":[{"embeddable":true,"href":"https:\/\/tibra-pacific.com\/tibranew\/wp-json\/wp\/v2\/users\/1"}],"replies":[{"embeddable":true,"href":"https:\/\/tibra-pacific.com\/tibranew\/wp-json\/wp\/v2\/comments?post=1503"}],"version-history":[{"count":0,"href":"https:\/\/tibra-pacific.com\/tibranew\/wp-json\/wp\/v2\/pages\/1503\/revisions"}],"wp:attachment":[{"href":"https:\/\/tibra-pacific.com\/tibranew\/wp-json\/wp\/v2\/media?parent=1503"}],"curies":[{"name":"wp","href":"https:\/\/api.w.org\/{rel}","templated":true}]}}