{"id":7037,"date":"2021-04-21T13:43:16","date_gmt":"2021-04-21T13:43:16","guid":{"rendered":"http:\/\/tibra-pacific.com\/tibranew\/?page_id=7037"},"modified":"2021-04-21T13:55:00","modified_gmt":"2021-04-21T13:55:00","slug":"ciljevi","status":"publish","type":"page","link":"https:\/\/tibra-pacific.com\/tibranew\/ciljevi\/","title":{"rendered":"Ciljevi"},"content":{"rendered":"<p>[vc_row][vc_column][vc_empty_space height=&#8221;64px&#8221;][\/vc_column][\/vc_row][vc_row css=&#8221;.vc_custom_1485757244346{margin-bottom: 90px !important;}&#8221;][vc_column][vc_custom_heading text=&#8221;Na\u0161i Ciljevi&#8221; font_container=&#8221;tag:h3|text_align:left&#8221; use_theme_fonts=&#8221;yes&#8221; css=&#8221;.vc_custom_1619012638660{margin-bottom: 29px !important;}&#8221;][vc_column_text]<\/p>\n<ul>\n<li>Kontinuirano unapre\u0111enje sistema povratnih informacija o zahtjevima i zadovoljstvu kupaca u cilju pove\u0107anja sposobnosti dru\u0161tva za njihovo ispunjenje.<\/li>\n<li>Kontinuirana motivacija i stru\u010dno doosposobljavanje zaposlenog osoblja teuklju\u010divanje istih u proces stalnog unapre\u0111enja kvaliteta,<\/li>\n<li>Uspostavljanje partnerskih odnosa i uklju\u010divanje dobavlja\u010da u na\u0161 sistem upravljanja kvalitetom;<\/li>\n<li>Izgradnja, implementacija, razvoj i stalno pobolj\u0161anje sistema upravljanja kvalitetom prema zahtjevima standarda ISO 9001:2008<\/li>\n<\/ul>\n<p>[\/vc_column_text][\/vc_column][\/vc_row]<\/p>\n","protected":false},"excerpt":{"rendered":"<p>[vc_row][vc_column][vc_empty_space height=&#8221;64px&#8221;][\/vc_column][\/vc_row][vc_row css=&#8221;.vc_custom_1485757244346{margin-bottom: 90px !important;}&#8221;][vc_column][vc_custom_heading text=&#8221;Na\u0161i Ciljevi&#8221; font_container=&#8221;tag:h3|text_align:left&#8221; use_theme_fonts=&#8221;yes&#8221; css=&#8221;.vc_custom_1619012638660{margin-bottom: 29px !important;}&#8221;][vc_column_text] Kontinuirano unapre\u0111enje sistema povratnih informacija o zahtjevima i zadovoljstvu kupaca u cilju pove\u0107anja sposobnosti dru\u0161tva za njihovo ispunjenje. Kontinuirana motivacija i stru\u010dno doosposobljavanje zaposlenog osoblja teuklju\u010divanje istih u proces stalnog unapre\u0111enja kvaliteta, Uspostavljanje partnerskih odnosa i uklju\u010divanje dobavlja\u010da u na\u0161 sistem upravljanja kvalitetom;<\/p>\n","protected":false},"author":1,"featured_media":0,"parent":0,"menu_order":0,"comment_status":"closed","ping_status":"closed","template":"","meta":{"footnotes":""},"class_list":["post-7037","page","type-page","status-publish","hentry"],"_links":{"self":[{"href":"https:\/\/tibra-pacific.com\/tibranew\/wp-json\/wp\/v2\/pages\/7037","targetHints":{"allow":["GET"]}}],"collection":[{"href":"https:\/\/tibra-pacific.com\/tibranew\/wp-json\/wp\/v2\/pages"}],"about":[{"href":"https:\/\/tibra-pacific.com\/tibranew\/wp-json\/wp\/v2\/types\/page"}],"author":[{"embeddable":true,"href":"https:\/\/tibra-pacific.com\/tibranew\/wp-json\/wp\/v2\/users\/1"}],"replies":[{"embeddable":true,"href":"https:\/\/tibra-pacific.com\/tibranew\/wp-json\/wp\/v2\/comments?post=7037"}],"version-history":[{"count":0,"href":"https:\/\/tibra-pacific.com\/tibranew\/wp-json\/wp\/v2\/pages\/7037\/revisions"}],"wp:attachment":[{"href":"https:\/\/tibra-pacific.com\/tibranew\/wp-json\/wp\/v2\/media?parent=7037"}],"curies":[{"name":"wp","href":"https:\/\/api.w.org\/{rel}","templated":true}]}}