{"id":7045,"date":"2021-04-22T06:38:54","date_gmt":"2021-04-22T06:38:54","guid":{"rendered":"http:\/\/tibra-pacific.com\/tibranew\/?page_id=7045"},"modified":"2021-04-22T06:42:40","modified_gmt":"2021-04-22T06:42:40","slug":"projektovanje","status":"publish","type":"page","link":"https:\/\/tibra-pacific.com\/tibranew\/projektovanje\/","title":{"rendered":"Projektovanje"},"content":{"rendered":"<p>[vc_row][vc_column][vc_empty_space height=&#8221;64px&#8221;][\/vc_column][\/vc_row][vc_row css=&#8221;.vc_custom_1485757244346{margin-bottom: 90px !important;}&#8221;][vc_column][vc_custom_heading text=&#8221;Projektovanje&#8221; font_container=&#8221;tag:h3|text_align:left&#8221; use_theme_fonts=&#8221;yes&#8221; css=&#8221;.vc_custom_1619073592073{margin-bottom: 29px !important;}&#8221;][vc_column_text]Projektovanje predstavlja izuzetno slo\u017een proces izrade projektno tehni\u010dke dokumentacije za svaki postavljeni zadatak, u kome su objedinjene sve faze izgradnje nekog objekta:<\/p>\n<ul>\n<li>Statika<\/li>\n<li>Konstrukcije<\/li>\n<li>Arhitektura<\/li>\n<li>Ma\u0161inske instalacije<\/li>\n<li>Elektroinstalacije<\/li>\n<li>Vodovod i kanalizacija.<\/li>\n<\/ul>\n<p>Prije samog po\u010detka izrade idejnog projekta definiraju se ciljevi i projektni zadatci gdje na\u0161i cijenjeni klijenti na\u0161em timu projektanata po fazama saop\u0161te i prezentiraju ideje \u0161to ustvari \u017eele i u kojem mogu\u0107nostima. Na osnovu \u017eelja na\u0161ih klijenata i realnih optimalnih mogu\u0107nosti izra\u0111uju se skice objekta, raspored prostorija u objektu koje klijentu pribli\u017eavaju idejno rje\u0161enje na osnovu kojeg klijent vidi dali su udovoljeni svi njegovi zahtjevi.<\/p>\n<p>\u201eTibra Pacific\u201c u svom sastavu a u okviru poslovne grupacije ima poslovnu jedinicu projektni biro sa sjedi\u0161tem u Sarajevu. Na\u0161 projektni tim \u010dine preko 25 visokostru\u010dnih i profesionalnih in\u017eenjera iz oblasti statike, arhitekture, gra\u0111evine, ma\u0161instva i elektrotehnike. Upravo ovaj referentni tim je garancija da mo\u017eemo stru\u010dno i kvalitetno rije\u0161iti sve projektne zadatke iz oblasti projektovanja i gradnje.<\/p>\n<p>Da bismo u\u010dvrstili na\u0161u poziciju kao i vode\u0107e kompanije u oblasti projektovanja i izgradnje uveli smo sistem upravljanja kvalitetom koji u skladu sa me\u0111unarodnim standardima ISO 9001 \u2013 2000 prati svaku fazu od projektovanja, izgradnje i predaje izgra\u0111enih objekata investitora. Permanentno pratimo nova dostignu\u0107a iz ove oblasti i istovremeno vr\u0161imo edukaciju i stru\u010dna usavr\u0161avanja na\u0161eg projektnog tima.[\/vc_column_text][\/vc_column][\/vc_row]<\/p>\n","protected":false},"excerpt":{"rendered":"<p>[vc_row][vc_column][vc_empty_space height=&#8221;64px&#8221;][\/vc_column][\/vc_row][vc_row css=&#8221;.vc_custom_1485757244346{margin-bottom: 90px !important;}&#8221;][vc_column][vc_custom_heading text=&#8221;Projektovanje&#8221; font_container=&#8221;tag:h3|text_align:left&#8221; use_theme_fonts=&#8221;yes&#8221; css=&#8221;.vc_custom_1619073592073{margin-bottom: 29px !important;}&#8221;][vc_column_text]Projektovanje predstavlja izuzetno slo\u017een proces izrade projektno tehni\u010dke dokumentacije za svaki postavljeni zadatak, u kome su objedinjene sve faze izgradnje nekog objekta: Statika Konstrukcije Arhitektura Ma\u0161inske instalacije Elektroinstalacije Vodovod i kanalizacija. Prije samog po\u010detka izrade idejnog projekta definiraju se ciljevi i projektni zadatci gdje na\u0161i<\/p>\n","protected":false},"author":1,"featured_media":0,"parent":0,"menu_order":0,"comment_status":"closed","ping_status":"closed","template":"","meta":{"footnotes":""},"class_list":["post-7045","page","type-page","status-publish","hentry"],"_links":{"self":[{"href":"https:\/\/tibra-pacific.com\/tibranew\/wp-json\/wp\/v2\/pages\/7045","targetHints":{"allow":["GET"]}}],"collection":[{"href":"https:\/\/tibra-pacific.com\/tibranew\/wp-json\/wp\/v2\/pages"}],"about":[{"href":"https:\/\/tibra-pacific.com\/tibranew\/wp-json\/wp\/v2\/types\/page"}],"author":[{"embeddable":true,"href":"https:\/\/tibra-pacific.com\/tibranew\/wp-json\/wp\/v2\/users\/1"}],"replies":[{"embeddable":true,"href":"https:\/\/tibra-pacific.com\/tibranew\/wp-json\/wp\/v2\/comments?post=7045"}],"version-history":[{"count":0,"href":"https:\/\/tibra-pacific.com\/tibranew\/wp-json\/wp\/v2\/pages\/7045\/revisions"}],"wp:attachment":[{"href":"https:\/\/tibra-pacific.com\/tibranew\/wp-json\/wp\/v2\/media?parent=7045"}],"curies":[{"name":"wp","href":"https:\/\/api.w.org\/{rel}","templated":true}]}}