{"id":7052,"date":"2021-04-22T06:49:00","date_gmt":"2021-04-22T06:49:00","guid":{"rendered":"http:\/\/tibra-pacific.com\/tibranew\/?page_id=7052"},"modified":"2021-05-26T13:50:21","modified_gmt":"2021-05-26T13:50:21","slug":"izgradnja","status":"publish","type":"page","link":"https:\/\/tibra-pacific.com\/tibranew\/izgradnja\/","title":{"rendered":"Izgradnja"},"content":{"rendered":"<p>[vc_row][vc_column][vc_empty_space height=&#8221;64px&#8221;][\/vc_column][\/vc_row][vc_row css=&#8221;.vc_custom_1485757244346{margin-bottom: 90px !important;}&#8221;][vc_column][vc_custom_heading text=&#8221;Izgradnja&#8221; font_container=&#8221;tag:h3|text_align:left&#8221; use_theme_fonts=&#8221;yes&#8221; css=&#8221;.vc_custom_1619074229763{margin-bottom: 29px !important;}&#8221;][vc_column_text]Euroizgradnja d.o.o Kiseljak je gra\u0111evinska firma, koje je osnovana 2000 godine u Kiseljaku.<\/p>\n<p>Posjedujemo veoma veliko iskustvo u izgradnji poslovno-stambenih objekata i opremljeni smo savremenim sredstvima za rad, koji nam omogu\u0107avaju da gradnju objekata vr\u0161imo u skladu sa svim evropskim standardima. U na\u0161em vi\u0161egodi\u0161njem djelovanju objedinili smo stru\u010dnost i iskustvo u izgradnji stambeno-poslovnih objekata namjenjenih veoma zahtjevnom tr\u017ei\u0161tu u\u00a0 Sarajevu i drugim gradovima BiH, i tako stvorili prepoznatljiv brend, koji nas svojim kvalitetom izdvaja kao gra\u0111evnsku firmu sa tradicijom.<\/p>\n<p>Stalnim pra\u0107enjem kvaliteta i brigom za \u0161to kvalitetniju i br\u017eu gradnju u sastavu na\u0161eg poduze\u0107a imamo i vlastitu proizvodnju betonskih prefabrikata u kojima izra\u0111ujemo monta\u017ene elemente (grede, omnia plo\u010de, stepeni\u0161ta i ostalu betonsku galanteriju).<\/p>\n<p>Jako bitna, a to sa ponosom isti\u010demo jeste \u010dinjenica da sve \u0161to gradimo gradimo vlastitom mehanizacijom i gra\u0111evinskom operativom. Ipak za kvalitetnu gradnju neophodni su i ljudski resursi i kvalitetni kadrovi koji omogu\u0107avaju da tvrtka uspje\u0161no posluje. Dakle, poduze\u0107e \u201eEUROIZGRADNJA\u201c d.o.o.\u00a0 zapo\u0161ljava 120 visokokvalificiranih i kvalificiranih gra\u0111evinskih radnika, zidara, tesara, montera, armira\u010da, elektri\u010dara, kerami\u010dara i poslovo\u0111a koji uz podr\u0161ku projektnog biroa u\u010destvuju u svim fazama izgradnje objekata.<\/p>\n<p>Na\u0161a poslovna politika je usmjerena ka maksimalnom podizanju nivoa gra\u0111enja i zadovoljenju svih potreba na\u0161ih kupaca, uz garancije visokog kvaliteta i potpune pravne sigurnosti..<\/p>\n<p>U skladu sa savremenom vizijom razvoja preduze\u0107a uveli smo i sistem upravljanja kvalitetom ISO standard kvaliteta 9001:2008 i sistem za\u0161tite na radu ISO 18001.<\/p>\n<p>Vi\u0161e informacija na\u00a0<strong><a href=\"http:\/\/www.euroizgradnja.ba\/\" target=\"_blank\" rel=\"noopener\">www.euroizgradnja.ba<\/a><\/strong><\/p>\n<p><a href=\"http:\/\/www.euroizgradnja.ba\"><img loading=\"lazy\" decoding=\"async\" class=\"alignnone wp-image-7831\" src=\"https:\/\/tibra-pacific.com\/tibranew\/wp-content\/uploads\/2021\/05\/logo-300x79.png\" alt=\"\" width=\"133\" height=\"35\" srcset=\"https:\/\/tibra-pacific.com\/tibranew\/wp-content\/uploads\/2021\/05\/logo-300x79.png 300w, https:\/\/tibra-pacific.com\/tibranew\/wp-content\/uploads\/2021\/05\/logo.png 380w\" sizes=\"auto, (max-width: 133px) 100vw, 133px\" \/><\/a>[\/vc_column_text][\/vc_column][\/vc_row]<\/p>\n","protected":false},"excerpt":{"rendered":"<p>[vc_row][vc_column][vc_empty_space height=&#8221;64px&#8221;][\/vc_column][\/vc_row][vc_row css=&#8221;.vc_custom_1485757244346{margin-bottom: 90px !important;}&#8221;][vc_column][vc_custom_heading text=&#8221;Izgradnja&#8221; font_container=&#8221;tag:h3|text_align:left&#8221; use_theme_fonts=&#8221;yes&#8221; css=&#8221;.vc_custom_1619074229763{margin-bottom: 29px !important;}&#8221;][vc_column_text]Euroizgradnja d.o.o Kiseljak je gra\u0111evinska firma, koje je osnovana 2000 godine u Kiseljaku. Posjedujemo veoma veliko iskustvo u izgradnji poslovno-stambenih objekata i opremljeni smo savremenim sredstvima za rad, koji nam omogu\u0107avaju da gradnju objekata vr\u0161imo u skladu sa svim evropskim standardima. U na\u0161em vi\u0161egodi\u0161njem djelovanju<\/p>\n","protected":false},"author":1,"featured_media":0,"parent":0,"menu_order":0,"comment_status":"closed","ping_status":"closed","template":"","meta":{"footnotes":""},"class_list":["post-7052","page","type-page","status-publish","hentry"],"_links":{"self":[{"href":"https:\/\/tibra-pacific.com\/tibranew\/wp-json\/wp\/v2\/pages\/7052","targetHints":{"allow":["GET"]}}],"collection":[{"href":"https:\/\/tibra-pacific.com\/tibranew\/wp-json\/wp\/v2\/pages"}],"about":[{"href":"https:\/\/tibra-pacific.com\/tibranew\/wp-json\/wp\/v2\/types\/page"}],"author":[{"embeddable":true,"href":"https:\/\/tibra-pacific.com\/tibranew\/wp-json\/wp\/v2\/users\/1"}],"replies":[{"embeddable":true,"href":"https:\/\/tibra-pacific.com\/tibranew\/wp-json\/wp\/v2\/comments?post=7052"}],"version-history":[{"count":0,"href":"https:\/\/tibra-pacific.com\/tibranew\/wp-json\/wp\/v2\/pages\/7052\/revisions"}],"wp:attachment":[{"href":"https:\/\/tibra-pacific.com\/tibranew\/wp-json\/wp\/v2\/media?parent=7052"}],"curies":[{"name":"wp","href":"https:\/\/api.w.org\/{rel}","templated":true}]}}