{"id":7056,"date":"2021-04-22T06:57:56","date_gmt":"2021-04-22T06:57:56","guid":{"rendered":"http:\/\/tibra-pacific.com\/tibranew\/?page_id=7056"},"modified":"2022-11-21T12:11:16","modified_gmt":"2022-11-21T12:11:16","slug":"nekretnine","status":"publish","type":"page","link":"https:\/\/tibra-pacific.com\/tibranew\/nekretnine\/","title":{"rendered":"Nekretnine"},"content":{"rendered":"<p>[vc_row][vc_column][vc_empty_space height=&#8221;64px&#8221;][\/vc_column][\/vc_row][vc_row css=&#8221;.vc_custom_1485757244346{margin-bottom: 90px !important;}&#8221;][vc_column][vc_custom_heading text=&#8221;Nekretnine&#8221; font_container=&#8221;tag:h3|text_align:left&#8221; use_theme_fonts=&#8221;yes&#8221; css=&#8221;.vc_custom_1619074671442{margin-bottom: 29px !important;}&#8221;][vc_column_text]Kvaliteta \u017eivota smatra se danas osnovnim zahtjevom savremenih gra\u00f0evinskih konstrukcija. U posljednje vrijeme postoji veliki interes za objektima izgra\u00f0enim od provjerenih i sigurnih materijala koji osiguravaju visoku kvaliteta \u017eivljenja, izdr\u017eljivost i po\u0161tivanje zdravlja stanovni\u0161tva.<\/p>\n<p>Iz trenutne ponude nekretnina izdvajamo zavr\u0161eni stambeno-poslovni kompleks &#8220;Bulevar&#8221; koji se nalazi na Stupu, kompleks apartmana &#8220;Winter Park Residence&#8221; na Bjela\u0161nici \u010dija se izgradnja privodi kraju, te rezidencijalno naselje Avenija, koje je trenutno u izgradnji i nalazi se na podru\u010dju Otoke.[\/vc_column_text][\/vc_column][\/vc_row][vc_row][vc_column width=&#8221;1\/4&#8243;][vc_hoverbox image=&#8221;8378&#8243; primary_title=&#8221;&#8221; hover_title=&#8221;Avenija Otoka&#8221; hover_btn_title=&#8221;VI\u0160E&#8221; hover_add_button=&#8221;true&#8221; hover_btn_link=&#8221;url:https%3A%2F%2Favenija.ba%2F|target:_blank&#8221;][\/vc_hoverbox][vc_empty_space][\/vc_column][vc_column width=&#8221;1\/4&#8243;][vc_hoverbox image=&#8221;8161&#8243; primary_title=&#8221;&#8221; hover_title=&#8221;Winter Park&#8221; hover_btn_title=&#8221;VI\u0160E&#8221; hover_add_button=&#8221;true&#8221; hover_btn_link=&#8221;url:https%3A%2F%2Fwinterpark.ba%2F|target:_blank&#8221;][\/vc_hoverbox][vc_empty_space][\/vc_column][vc_column width=&#8221;1\/4&#8243;][vc_hoverbox image=&#8221;7894&#8243; primary_title=&#8221;&#8221; hover_title=&#8221;Naselje Bulevar&#8221; hover_btn_title=&#8221;VI\u0160E&#8221; hover_add_button=&#8221;true&#8221; hover_btn_link=&#8221;url:https%3A%2F%2Fnaseljebulevar.ba%2Fba%2Findex.php|target:_blank&#8221;][\/vc_hoverbox][vc_empty_space][\/vc_column][vc_column width=&#8221;1\/4&#8243;][vc_hoverbox image=&#8221;7067&#8243; primary_title=&#8221;&#8221; hover_title=&#8221;Gara\u017ee Sarajevo&#8221; hover_btn_title=&#8221;VI\u0160E&#8221; hover_add_button=&#8221;true&#8221; hover_btn_link=&#8221;url:http%3A%2F%2Fgarazesarajevo.ba|target:_blank&#8221;][\/vc_hoverbox][vc_empty_space][\/vc_column][\/vc_row]<\/p>\n","protected":false},"excerpt":{"rendered":"<p>[vc_row][vc_column][vc_empty_space height=&#8221;64px&#8221;][\/vc_column][\/vc_row][vc_row css=&#8221;.vc_custom_1485757244346{margin-bottom: 90px !important;}&#8221;][vc_column][vc_custom_heading text=&#8221;Nekretnine&#8221; font_container=&#8221;tag:h3|text_align:left&#8221; use_theme_fonts=&#8221;yes&#8221; css=&#8221;.vc_custom_1619074671442{margin-bottom: 29px !important;}&#8221;][vc_column_text]Kvaliteta \u017eivota smatra se danas osnovnim zahtjevom savremenih gra\u00f0evinskih konstrukcija. U posljednje vrijeme postoji veliki interes za objektima izgra\u00f0enim od provjerenih i sigurnih materijala koji osiguravaju visoku kvaliteta \u017eivljenja, izdr\u017eljivost i po\u0161tivanje zdravlja stanovni\u0161tva. Iz trenutne ponude nekretnina izdvajamo zavr\u0161eni stambeno-poslovni kompleks &#8220;Bulevar&#8221; koji se<\/p>\n","protected":false},"author":1,"featured_media":0,"parent":0,"menu_order":0,"comment_status":"closed","ping_status":"closed","template":"","meta":{"footnotes":""},"class_list":["post-7056","page","type-page","status-publish","hentry"],"_links":{"self":[{"href":"https:\/\/tibra-pacific.com\/tibranew\/wp-json\/wp\/v2\/pages\/7056","targetHints":{"allow":["GET"]}}],"collection":[{"href":"https:\/\/tibra-pacific.com\/tibranew\/wp-json\/wp\/v2\/pages"}],"about":[{"href":"https:\/\/tibra-pacific.com\/tibranew\/wp-json\/wp\/v2\/types\/page"}],"author":[{"embeddable":true,"href":"https:\/\/tibra-pacific.com\/tibranew\/wp-json\/wp\/v2\/users\/1"}],"replies":[{"embeddable":true,"href":"https:\/\/tibra-pacific.com\/tibranew\/wp-json\/wp\/v2\/comments?post=7056"}],"version-history":[{"count":11,"href":"https:\/\/tibra-pacific.com\/tibranew\/wp-json\/wp\/v2\/pages\/7056\/revisions"}],"predecessor-version":[{"id":8380,"href":"https:\/\/tibra-pacific.com\/tibranew\/wp-json\/wp\/v2\/pages\/7056\/revisions\/8380"}],"wp:attachment":[{"href":"https:\/\/tibra-pacific.com\/tibranew\/wp-json\/wp\/v2\/media?parent=7056"}],"curies":[{"name":"wp","href":"https:\/\/api.w.org\/{rel}","templated":true}]}}