{"id":7073,"date":"2021-04-22T08:03:10","date_gmt":"2021-04-22T08:03:10","guid":{"rendered":"http:\/\/tibra-pacific.com\/tibranew\/?page_id=7073"},"modified":"2021-08-07T08:11:40","modified_gmt":"2021-08-07T08:11:40","slug":"trzni-centar-pacific","status":"publish","type":"page","link":"https:\/\/tibra-pacific.com\/tibranew\/trzni-centar-pacific\/","title":{"rendered":"Tr\u017eni Centar &#8220;Pacific&#8221;"},"content":{"rendered":"<p>[vc_row][vc_column][vc_empty_space height=&#8221;64px&#8221;][\/vc_column][\/vc_row][vc_row css=&#8221;.vc_custom_1485757244346{margin-bottom: 90px !important;}&#8221;][vc_column][vc_custom_heading text=&#8221;Tr\u017eni Centar &#8220;Pacific&#8220;&#8221; font_container=&#8221;tag:h3|text_align:left&#8221; use_theme_fonts=&#8221;yes&#8221; css=&#8221;.vc_custom_1619078582476{margin-bottom: 29px !important;}&#8221;][vc_column_text]Tr\u017eni Centar Pacific je prvi centar u Kiseljaku koji konceptualno spaja poslovni i shopping ambijent u jednu ljep\u0161u i jedinstvenu cjelinu. Smje\u0161ten u centru grada, Pacific na svojevrstan na\u010din kreira novu sliku Kiseljaka. Svojom arhitekturom i sadr\u017eajima, Tr\u017eni Centar Pacific komunicira pozitivnu energiju i nudi urbani ambijent u skladu sa najnovijim standardima.<\/p>\n<p>Tr\u017eni Centar Pacific se prote\u017ee na \u010detiri eta\u017ee i na preko 7 000 m2 prostora gdje mo\u017eete posjetiti shopping sadr\u017eaje, kao i ve\u0107 dobro poznate brendove. Ako se pro\u0161etate prizemljem i mezaninom pred vama su brojni modni brendovi, trgovine modnih dodataka i kozmetike, ljekarna, cvje\u0107arna, knji\u017eara, sportska oprema, samoposluga, kao i poslovnice Hypo Alpe Adria i Raiffeisen banke, dok na prvom spratu mo\u017eete potra\u017eiti frizerske salone, jako veliki broj trgovina tekstilom, radnje s bi\u017euterijom, kroja\u010dke radnje, dje\u010diju igraonu i caffe slasti\u010darnu u kojoj mo\u017eete napraviti kratku shopping pauzu, na drugom spratu mo\u017eete prona\u0107i trgovinu tehnike, igra\u010daka, dje\u010dije garderobe i opreme, optiku, rasvjetnu opremu te igrali\u0161te za ko\u0161arku, tenis i nogomet. Tre\u0107i i \u010detvrti sprat su u pripremi gdje vas uskoro\u00a0 o\u010dekuju mnogi drugi sadr\u017eaji.<\/p>\n<p>Posjetiteljima je na raspolaganju i Pacific parking u podzemnoj gara\u017ei i\u00a0 ispred objekta, gdje na raspolaganju imamo 300 parking mjesta.<\/p>\n<p>Dobrodo\u0161li u Tr\u017eni Centar Pacific, centar gdje \u017eelje postaju stvarnost.<\/p>\n<p>Vi\u0161e informacija na\u00a0<strong><a href=\"http:\/\/www.pacific.ba\/\" target=\"_blank\" rel=\"noopener\">www.pacific.ba<\/a><\/strong><\/p>\n<p>&nbsp;<\/p>\n<p><img loading=\"lazy\" decoding=\"async\" class=\"alignnone wp-image-7829\" src=\"http:\/\/tibra-pacific.com\/tibranew\/wp-content\/uploads\/2021\/05\/logo.jpg\" alt=\"\" width=\"127\" height=\"63\" \/>[\/vc_column_text][\/vc_column][\/vc_row]<\/p>\n","protected":false},"excerpt":{"rendered":"<p>[vc_row][vc_column][vc_empty_space height=&#8221;64px&#8221;][\/vc_column][\/vc_row][vc_row css=&#8221;.vc_custom_1485757244346{margin-bottom: 90px !important;}&#8221;][vc_column][vc_custom_heading text=&#8221;Tr\u017eni Centar &#8220;Pacific&#8220;&#8221; font_container=&#8221;tag:h3|text_align:left&#8221; use_theme_fonts=&#8221;yes&#8221; css=&#8221;.vc_custom_1619078582476{margin-bottom: 29px !important;}&#8221;][vc_column_text]Tr\u017eni Centar Pacific je prvi centar u Kiseljaku koji konceptualno spaja poslovni i shopping ambijent u jednu ljep\u0161u i jedinstvenu cjelinu. Smje\u0161ten u centru grada, Pacific na svojevrstan na\u010din kreira novu sliku Kiseljaka. Svojom arhitekturom i sadr\u017eajima, Tr\u017eni Centar Pacific komunicira pozitivnu energiju<\/p>\n","protected":false},"author":1,"featured_media":0,"parent":0,"menu_order":0,"comment_status":"closed","ping_status":"closed","template":"","meta":{"footnotes":""},"class_list":["post-7073","page","type-page","status-publish","hentry"],"_links":{"self":[{"href":"https:\/\/tibra-pacific.com\/tibranew\/wp-json\/wp\/v2\/pages\/7073","targetHints":{"allow":["GET"]}}],"collection":[{"href":"https:\/\/tibra-pacific.com\/tibranew\/wp-json\/wp\/v2\/pages"}],"about":[{"href":"https:\/\/tibra-pacific.com\/tibranew\/wp-json\/wp\/v2\/types\/page"}],"author":[{"embeddable":true,"href":"https:\/\/tibra-pacific.com\/tibranew\/wp-json\/wp\/v2\/users\/1"}],"replies":[{"embeddable":true,"href":"https:\/\/tibra-pacific.com\/tibranew\/wp-json\/wp\/v2\/comments?post=7073"}],"version-history":[{"count":1,"href":"https:\/\/tibra-pacific.com\/tibranew\/wp-json\/wp\/v2\/pages\/7073\/revisions"}],"predecessor-version":[{"id":8013,"href":"https:\/\/tibra-pacific.com\/tibranew\/wp-json\/wp\/v2\/pages\/7073\/revisions\/8013"}],"wp:attachment":[{"href":"https:\/\/tibra-pacific.com\/tibranew\/wp-json\/wp\/v2\/media?parent=7073"}],"curies":[{"name":"wp","href":"https:\/\/api.w.org\/{rel}","templated":true}]}}