{"id":7283,"date":"2021-04-26T11:03:47","date_gmt":"2021-04-26T11:03:47","guid":{"rendered":"http:\/\/tibra-pacific.com\/tibranew\/?page_id=7283"},"modified":"2022-10-04T11:25:09","modified_gmt":"2022-10-04T11:25:09","slug":"otvoreni-natjecaji","status":"publish","type":"page","link":"https:\/\/tibra-pacific.com\/tibranew\/otvoreni-natjecaji\/","title":{"rendered":"Otvoreni Natje\u010daji"},"content":{"rendered":"<p>[vc_row][vc_column][vc_column_text css=&#8221;.vc_custom_1619435587465{margin-bottom: 52px !important;}&#8221;]<\/p>\n<h2>Otvoreni natje\u010daji<\/h2>\n<p>Ovdje mo\u017eete prona\u0107i trenutno otvorene natje\u010daje za radna mjesta u Tibri Pacific i povezanim poduze\u0107ima.[\/vc_column_text][vc_custom_heading text=&#8221;Otvorene pozicije&#8221; font_container=&#8221;tag:h4|text_align:left|color:%23222222&#8243; use_theme_fonts=&#8221;yes&#8221; css=&#8221;.vc_custom_1619435615249{margin-bottom: 31px !important;}&#8221; el_class=&#8221;no_stripe&#8221;][stm_vacancies][stm_spacing lg_spacing=&#8221;0&#8243; md_spacing=&#8221;0&#8243; sm_spacing=&#8221;40&#8243; xs_spacing=&#8221;40&#8243;][\/vc_column][\/vc_row][vc_row][vc_column][vc_column_text]<strong>Odjel ljudskih resursa<\/strong><\/p>\n<p>Muamer Ganija<\/p>\n<p>Tel.: 030 877 714<\/p>\n<p>Za sva pitanja kontaktirajte nas putem broja telefona.[\/vc_column_text][\/vc_column][\/vc_row]<\/p>\n","protected":false},"excerpt":{"rendered":"<p>[vc_row][vc_column][vc_column_text css=&#8221;.vc_custom_1619435587465{margin-bottom: 52px !important;}&#8221;] Otvoreni natje\u010daji Ovdje mo\u017eete prona\u0107i trenutno otvorene natje\u010daje za radna mjesta u Tibri Pacific i povezanim poduze\u0107ima.[\/vc_column_text][vc_custom_heading text=&#8221;Otvorene pozicije&#8221; font_container=&#8221;tag:h4|text_align:left|color:%23222222&#8243; use_theme_fonts=&#8221;yes&#8221; css=&#8221;.vc_custom_1619435615249{margin-bottom: 31px !important;}&#8221; el_class=&#8221;no_stripe&#8221;][stm_vacancies][stm_spacing lg_spacing=&#8221;0&#8243; md_spacing=&#8221;0&#8243; sm_spacing=&#8221;40&#8243; xs_spacing=&#8221;40&#8243;][\/vc_column][\/vc_row][vc_row][vc_column][vc_column_text]Odjel ljudskih resursa Muamer Ganija Tel.: 030 877 714 Za sva pitanja kontaktirajte nas putem broja telefona.[\/vc_column_text][\/vc_column][\/vc_row]<\/p>\n","protected":false},"author":1,"featured_media":0,"parent":0,"menu_order":0,"comment_status":"closed","ping_status":"closed","template":"","meta":{"footnotes":""},"class_list":["post-7283","page","type-page","status-publish","hentry"],"_links":{"self":[{"href":"https:\/\/tibra-pacific.com\/tibranew\/wp-json\/wp\/v2\/pages\/7283","targetHints":{"allow":["GET"]}}],"collection":[{"href":"https:\/\/tibra-pacific.com\/tibranew\/wp-json\/wp\/v2\/pages"}],"about":[{"href":"https:\/\/tibra-pacific.com\/tibranew\/wp-json\/wp\/v2\/types\/page"}],"author":[{"embeddable":true,"href":"https:\/\/tibra-pacific.com\/tibranew\/wp-json\/wp\/v2\/users\/1"}],"replies":[{"embeddable":true,"href":"https:\/\/tibra-pacific.com\/tibranew\/wp-json\/wp\/v2\/comments?post=7283"}],"version-history":[{"count":5,"href":"https:\/\/tibra-pacific.com\/tibranew\/wp-json\/wp\/v2\/pages\/7283\/revisions"}],"predecessor-version":[{"id":8216,"href":"https:\/\/tibra-pacific.com\/tibranew\/wp-json\/wp\/v2\/pages\/7283\/revisions\/8216"}],"wp:attachment":[{"href":"https:\/\/tibra-pacific.com\/tibranew\/wp-json\/wp\/v2\/media?parent=7283"}],"curies":[{"name":"wp","href":"https:\/\/api.w.org\/{rel}","templated":true}]}}