{"id":7291,"date":"2021-04-27T08:39:06","date_gmt":"2021-04-27T08:39:06","guid":{"rendered":"http:\/\/tibra-pacific.com\/tibranew\/?page_id=7291"},"modified":"2021-12-02T09:23:51","modified_gmt":"2021-12-02T09:23:51","slug":"budi-dio-naseg-tima","status":"publish","type":"page","link":"https:\/\/tibra-pacific.com\/tibranew\/budi-dio-naseg-tima\/","title":{"rendered":"Budi Dio Na\u0161eg Tima"},"content":{"rendered":"<p>[vc_row][vc_column][vc_column_text css=&#8221;.vc_custom_1638437029526{margin-bottom: 52px !important;}&#8221;]<\/p>\n<h2>Budi dio na\u0161eg tima<\/h2>\n<p>\u201eTIBRA-PACIFIC\u201c je izuzetno uspje\u0161na kompanija koja okuplja pojedince \u017eeljne rada, dokazivanja i napredovanja u dinami\u010dnom okru\u017eenju. Samo sa nama svaki novi dan za vas predstavlja novu priliku za postizanje visokoprofesionalnih ciljeva.<\/p>\n<p>Znamo prepoznati talente, predanost i upornost kod pojedinaca koje pomno pratimo i razvijamo uz kontinuirano stru\u010dno educiranje i usavr\u0161avanje.<\/p>\n<p>Rukovodimo se uzajamnim povjerenjem i partnerstvom i tako osna\u017eujemo na\u0161u najve\u0107u vrijednost \u2013 ljudski kapital.<\/p>\n<p>Stvaramo korporativno okru\u017eenje i kulturu koja poti\u010de i podupire spremnost na\u0161ih uposlenika na stalne promjene i prihva\u0107anje inovacija koje aktivno promoviramo.<\/p>\n<h2 class=\"tekst_naslov\">Kontakt informacije<\/h2>\n<p><strong>Odjel ljudskih resursa<\/strong><\/p>\n<p>Muamer Ganija<\/p>\n<p>Tel.: <a href=\"tel:030877714\">030 877 714<\/a><\/p>\n<p>Email:\u00a0<a href=\"mailto:muamer.g@tibra-pacific.com\">muamer.g@tibra-pacific.com<\/a>[\/vc_column_text][stm_spacing lg_spacing=&#8221;0&#8243; md_spacing=&#8221;0&#8243; sm_spacing=&#8221;40&#8243; xs_spacing=&#8221;40&#8243;][\/vc_column][\/vc_row]<\/p>\n","protected":false},"excerpt":{"rendered":"<p>[vc_row][vc_column][vc_column_text css=&#8221;.vc_custom_1638437029526{margin-bottom: 52px !important;}&#8221;] Budi dio na\u0161eg tima \u201eTIBRA-PACIFIC\u201c je izuzetno uspje\u0161na kompanija koja okuplja pojedince \u017eeljne rada, dokazivanja i napredovanja u dinami\u010dnom okru\u017eenju. Samo sa nama svaki novi dan za vas predstavlja novu priliku za postizanje visokoprofesionalnih ciljeva. Znamo prepoznati talente, predanost i upornost kod pojedinaca koje pomno pratimo i razvijamo uz kontinuirano stru\u010dno<\/p>\n","protected":false},"author":1,"featured_media":0,"parent":0,"menu_order":0,"comment_status":"closed","ping_status":"closed","template":"","meta":{"footnotes":""},"class_list":["post-7291","page","type-page","status-publish","hentry"],"_links":{"self":[{"href":"https:\/\/tibra-pacific.com\/tibranew\/wp-json\/wp\/v2\/pages\/7291","targetHints":{"allow":["GET"]}}],"collection":[{"href":"https:\/\/tibra-pacific.com\/tibranew\/wp-json\/wp\/v2\/pages"}],"about":[{"href":"https:\/\/tibra-pacific.com\/tibranew\/wp-json\/wp\/v2\/types\/page"}],"author":[{"embeddable":true,"href":"https:\/\/tibra-pacific.com\/tibranew\/wp-json\/wp\/v2\/users\/1"}],"replies":[{"embeddable":true,"href":"https:\/\/tibra-pacific.com\/tibranew\/wp-json\/wp\/v2\/comments?post=7291"}],"version-history":[{"count":3,"href":"https:\/\/tibra-pacific.com\/tibranew\/wp-json\/wp\/v2\/pages\/7291\/revisions"}],"predecessor-version":[{"id":8115,"href":"https:\/\/tibra-pacific.com\/tibranew\/wp-json\/wp\/v2\/pages\/7291\/revisions\/8115"}],"wp:attachment":[{"href":"https:\/\/tibra-pacific.com\/tibranew\/wp-json\/wp\/v2\/media?parent=7291"}],"curies":[{"name":"wp","href":"https:\/\/api.w.org\/{rel}","templated":true}]}}